{"id":10,"date":"2020-09-10T16:05:31","date_gmt":"2020-09-10T16:05:31","guid":{"rendered":"http:\/\/intranetgratis.com\/?page_id=10"},"modified":"2022-04-15T17:24:09","modified_gmt":"2022-04-15T17:24:09","slug":"intranet-gratis-para-pymes","status":"publish","type":"page","link":"https:\/\/intranetgratis.com\/","title":{"rendered":"Intranet gratis para Pymes"},"content":{"rendered":"<p>Ya es posible tener una Intranet gratis para tu pyme.<br \/>\nAccede a <a href=\"https:\/\/intranetunidos.com\/\" target=\"_blank\" rel=\"noopener\">Intranet Unidos<\/a> el software lider de Intranet en latinoam\u00e9rica, que cuenta con una versi\u00f3n totalmente liberada para peque\u00f1os negocios.<\/p>\n<p>Puedes ver todo el detalle y crear tu intranet en:<br \/>\n<a href=\"https:\/\/intranetunidos.com\" target=\"_blank\" rel=\"noopener\">https:\/\/intranetunidos.com<\/a><\/p>\n<p>&nbsp;<\/p>\n<div class=\"column mcb-column mcb-item-83bsm9ni9 one column_column column-margin-20px\">\n<div class=\"column_attr clearfix\">\n<h2>\u00bfPor qu\u00e9 una intranet?<\/h2>\n<hr class=\"no_line\" \/>\n<\/div>\n<\/div>\n<div class=\"column mcb-column mcb-item-0gmbnbnjn one column_column column-margin-10px\">\n<div class=\"column_attr clearfix\">\n<h5>&#8211; Mejora la comunicaci\u00f3n interna<\/h5>\n<h5>&#8211; Ahorro de recursos y tiempos de RRHH<\/h5>\n<h5>&#8211; Mejora gesti\u00f3n del conocimiento<\/h5>\n<h5>&#8211; Mejora imagen de la empresa<\/h5>\n<h5>&#8211; Aumenta la productividad<\/h5>\n<\/div>\n<\/div>\n<p style=\"text-align: center;\">\n","protected":false},"excerpt":{"rendered":"<p>Ya es posible tener una Intranet gratis para tu pyme. Accede a Intranet Unidos el software lider de Intranet en latinoam\u00e9rica, que cuenta con una versi\u00f3n totalmente liberada para peque\u00f1os negocios. Puedes ver todo el detalle y crear tu intranet en: https:\/\/intranetunidos.com &nbsp; \u00bfPor qu\u00e9 una intranet? &#8211; Mejora la comunicaci\u00f3n interna &#8211; Ahorro de [&hellip;]<\/p>\n","protected":false},"author":1,"featured_media":0,"parent":0,"menu_order":0,"comment_status":"closed","ping_status":"closed","template":"","meta":[],"_links":{"self":[{"href":"https:\/\/intranetgratis.com\/index.php\/wp-json\/wp\/v2\/pages\/10"}],"collection":[{"href":"https:\/\/intranetgratis.com\/index.php\/wp-json\/wp\/v2\/pages"}],"about":[{"href":"https:\/\/intranetgratis.com\/index.php\/wp-json\/wp\/v2\/types\/page"}],"author":[{"embeddable":true,"href":"https:\/\/intranetgratis.com\/index.php\/wp-json\/wp\/v2\/users\/1"}],"replies":[{"embeddable":true,"href":"https:\/\/intranetgratis.com\/index.php\/wp-json\/wp\/v2\/comments?post=10"}],"version-history":[{"count":3,"href":"https:\/\/intranetgratis.com\/index.php\/wp-json\/wp\/v2\/pages\/10\/revisions"}],"predecessor-version":[{"id":18,"href":"https:\/\/intranetgratis.com\/index.php\/wp-json\/wp\/v2\/pages\/10\/revisions\/18"}],"wp:attachment":[{"href":"https:\/\/intranetgratis.com\/index.php\/wp-json\/wp\/v2\/media?parent=10"}],"curies":[{"name":"wp","href":"https:\/\/api.w.org\/{rel}","templated":true}]}}